{"id":9,"date":"2025-12-02T12:54:57","date_gmt":"2025-12-02T11:54:57","guid":{"rendered":"https:\/\/studio-charlie.fr\/?page_id=9"},"modified":"2026-04-07T19:12:14","modified_gmt":"2026-04-07T18:12:14","slug":"accueil","status":"publish","type":"page","link":"https:\/\/studio-charlie.fr\/","title":{"rendered":"Accueil"},"content":{"rendered":"\t\t<div data-elementor-type=\"wp-page\" data-elementor-id=\"9\" class=\"elementor elementor-9\">\n\t\t\t\t<div class=\"elementor-element elementor-element-87d4741 e-flex e-con-boxed e-con e-parent\" data-id=\"87d4741\" data-element_type=\"container\" data-e-type=\"container\">\n\t\t\t\t\t<div class=\"e-con-inner\">\n\t\t<div class=\"elementor-element elementor-element-2f89b7f e-con-full e-flex e-con e-child\" data-id=\"2f89b7f\" data-element_type=\"container\" data-e-type=\"container\">\n\t\t\t\t<div class=\"elementor-element elementor-element-9db365c elementor-widget elementor-widget-text-editor\" data-id=\"9db365c\" data-element_type=\"widget\" data-e-type=\"widget\" data-widget_type=\"text-editor.default\">\n\t\t\t\t\t\t\t\t\t<p>Ce site est en cours de construction. Merci pour votre compr\u00e9hension.&nbsp;<\/p>\n<p>Charlie<\/p>\t\t\t\t\t\t\t\t<\/div>\n\t\t\t\t<\/div>\n\t\t\t\t<div class=\"elementor-element elementor-element-bce7bf7 elementor-widget elementor-widget-spacer\" data-id=\"bce7bf7\" data-element_type=\"widget\" data-e-type=\"widget\" data-widget_type=\"spacer.default\">\n\t\t\t\t\t\t\t<div class=\"elementor-spacer\">\n\t\t\t<div class=\"elementor-spacer-inner\"><\/div>\n\t\t<\/div>\n\t\t\t\t\t\t<\/div>\n\t\t\t\t\t<\/div>\n\t\t\t\t<\/div>\n\t\t<div class=\"elementor-element elementor-element-f11fd6a e-flex e-con-boxed e-con e-parent\" data-id=\"f11fd6a\" data-element_type=\"container\" data-e-type=\"container\">\n\t\t\t\t\t<div class=\"e-con-inner\">\n\t\t<div class=\"elementor-element elementor-element-44228e7 e-con-full e-flex e-con e-child\" data-id=\"44228e7\" data-element_type=\"container\" data-e-type=\"container\">\n\t\t\t\t<\/div>\n\t\t<div class=\"elementor-element elementor-element-1eee794 e-con-full e-flex e-con e-child\" data-id=\"1eee794\" data-element_type=\"container\" data-e-type=\"container\">\n\t\t\t\t<div class=\"elementor-element elementor-element-41a99d9 elementor-widget elementor-widget-text-editor\" data-id=\"41a99d9\" data-element_type=\"widget\" data-e-type=\"widget\" data-widget_type=\"text-editor.default\">\n\t\t\t\t\t\t\t\t\t<p>\u00ab Il y a trois r\u00e9actions possibles \u00e0 tout design : oui, non, et WAHOU ! La troisi\u00e8me est celle que je vise.\u2009\u00bb<\/p>\t\t\t\t\t\t\t\t<\/div>\n\t\t\t\t<div class=\"elementor-element elementor-element-2295bc8 elementor-widget elementor-widget-text-editor\" data-id=\"2295bc8\" data-element_type=\"widget\" data-e-type=\"widget\" data-widget_type=\"text-editor.default\">\n\t\t\t\t\t\t\t\t\t<p>par Milton Glaser<\/p>\t\t\t\t\t\t\t\t<\/div>\n\t\t\t\t<\/div>\n\t\t\t\t\t<\/div>\n\t\t\t\t<\/div>\n\t\t<div class=\"elementor-element elementor-element-2713075 e-flex e-con-boxed e-con e-parent\" data-id=\"2713075\" data-element_type=\"container\" data-e-type=\"container\">\n\t\t\t\t\t<div class=\"e-con-inner\">\n\t\t\t\t<div class=\"elementor-element elementor-element-0caa9ae elementor-widget elementor-widget-spacer\" data-id=\"0caa9ae\" data-element_type=\"widget\" data-e-type=\"widget\" data-widget_type=\"spacer.default\">\n\t\t\t\t\t\t\t<div class=\"elementor-spacer\">\n\t\t\t<div class=\"elementor-spacer-inner\"><\/div>\n\t\t<\/div>\n\t\t\t\t\t\t<\/div>\n\t\t\t\t\t<\/div>\n\t\t\t\t<\/div>\n\t\t<div class=\"elementor-element elementor-element-8700e09 e-flex e-con-boxed e-con e-parent\" data-id=\"8700e09\" data-element_type=\"container\" data-e-type=\"container\">\n\t\t\t\t\t<div class=\"e-con-inner\">\n\t\t\t\t<div class=\"elementor-element elementor-element-7977a9e elementor-widget elementor-widget-heading\" data-id=\"7977a9e\" data-element_type=\"widget\" data-e-type=\"widget\" data-widget_type=\"heading.default\">\n\t\t\t\t\t<h2 class=\"elementor-heading-title elementor-size-default\">Mon travail\u200b<\/h2>\t\t\t\t<\/div>\n\t\t\t\t\t<\/div>\n\t\t\t\t<\/div>\n\t\t<div class=\"elementor-element elementor-element-7b9b421 e-grid e-con-boxed e-con e-parent\" data-id=\"7b9b421\" data-element_type=\"container\" data-e-type=\"container\">\n\t\t\t\t\t<div class=\"e-con-inner\">\n\t\t\t\t<div class=\"elementor-element elementor-element-a29a4df elementor-widget elementor-widget-image\" data-id=\"a29a4df\" data-element_type=\"widget\" data-e-type=\"widget\" data-widget_type=\"image.default\">\n\t\t\t\t\t\t\t\t\t\t\t\t<figure class=\"wp-caption\">\n\t\t\t\t\t\t\t\t\t\t<img fetchpriority=\"high\" decoding=\"async\" width=\"1024\" height=\"1024\" src=\"http:\/\/studio-charlie.fr\/wp-content\/uploads\/2026\/01\/presentation_01-1024x1024.webp\" class=\"attachment-large size-large wp-image-167\" alt=\"Pr\u00e9sentation\" srcset=\"http:\/\/studio-charlie.fr\/wp-content\/uploads\/2026\/01\/presentation_01-1024x1024.webp 1024w, http:\/\/studio-charlie.fr\/wp-content\/uploads\/2026\/01\/presentation_01-300x300.webp 300w, http:\/\/studio-charlie.fr\/wp-content\/uploads\/2026\/01\/presentation_01-150x150.webp 150w, http:\/\/studio-charlie.fr\/wp-content\/uploads\/2026\/01\/presentation_01-768x768.webp 768w, http:\/\/studio-charlie.fr\/wp-content\/uploads\/2026\/01\/presentation_01-1536x1536.webp 1536w, http:\/\/studio-charlie.fr\/wp-content\/uploads\/2026\/01\/presentation_01.webp 1920w\" sizes=\"(max-width: 1024px) 100vw, 1024px\" \/>\t\t\t\t\t\t\t\t\t\t\t<figcaption class=\"widget-image-caption wp-caption-text\">BRANDING<\/figcaption>\n\t\t\t\t\t\t\t\t\t\t<\/figure>\n\t\t\t\t\t\t\t\t\t<\/div>\n\t\t\t\t<div class=\"elementor-element elementor-element-fed2195 elementor-widget elementor-widget-image\" data-id=\"fed2195\" data-element_type=\"widget\" data-e-type=\"widget\" data-widget_type=\"image.default\">\n\t\t\t\t\t\t\t\t\t\t\t\t<figure class=\"wp-caption\">\n\t\t\t\t\t\t\t\t\t\t<img decoding=\"async\" width=\"1024\" height=\"1024\" src=\"http:\/\/studio-charlie.fr\/wp-content\/uploads\/2026\/01\/presentation_02-1-1024x1024.webp\" class=\"attachment-large size-large wp-image-173\" alt=\"Pr\u00e9sentation\" srcset=\"http:\/\/studio-charlie.fr\/wp-content\/uploads\/2026\/01\/presentation_02-1-1024x1024.webp 1024w, http:\/\/studio-charlie.fr\/wp-content\/uploads\/2026\/01\/presentation_02-1-300x300.webp 300w, http:\/\/studio-charlie.fr\/wp-content\/uploads\/2026\/01\/presentation_02-1-150x150.webp 150w, http:\/\/studio-charlie.fr\/wp-content\/uploads\/2026\/01\/presentation_02-1-768x768.webp 768w, http:\/\/studio-charlie.fr\/wp-content\/uploads\/2026\/01\/presentation_02-1-1536x1536.webp 1536w, http:\/\/studio-charlie.fr\/wp-content\/uploads\/2026\/01\/presentation_02-1.webp 1920w\" sizes=\"(max-width: 1024px) 100vw, 1024px\" \/>\t\t\t\t\t\t\t\t\t\t\t<figcaption class=\"widget-image-caption wp-caption-text\">BRANDING<\/figcaption>\n\t\t\t\t\t\t\t\t\t\t<\/figure>\n\t\t\t\t\t\t\t\t\t<\/div>\n\t\t\t\t<div class=\"elementor-element elementor-element-4bf6e6e elementor-widget elementor-widget-image\" data-id=\"4bf6e6e\" data-element_type=\"widget\" data-e-type=\"widget\" data-widget_type=\"image.default\">\n\t\t\t\t\t\t\t\t\t\t\t\t<figure class=\"wp-caption\">\n\t\t\t\t\t\t\t\t\t\t<img decoding=\"async\" width=\"1024\" height=\"1024\" src=\"http:\/\/studio-charlie.fr\/wp-content\/uploads\/2026\/01\/presentation_03-1-1024x1024.webp\" class=\"attachment-large size-large wp-image-188\" alt=\"Pr\u00e9sentation\" srcset=\"http:\/\/studio-charlie.fr\/wp-content\/uploads\/2026\/01\/presentation_03-1-1024x1024.webp 1024w, http:\/\/studio-charlie.fr\/wp-content\/uploads\/2026\/01\/presentation_03-1-300x300.webp 300w, http:\/\/studio-charlie.fr\/wp-content\/uploads\/2026\/01\/presentation_03-1-150x150.webp 150w, http:\/\/studio-charlie.fr\/wp-content\/uploads\/2026\/01\/presentation_03-1-768x768.webp 768w, http:\/\/studio-charlie.fr\/wp-content\/uploads\/2026\/01\/presentation_03-1-1536x1536.webp 1536w, http:\/\/studio-charlie.fr\/wp-content\/uploads\/2026\/01\/presentation_03-1.webp 1920w\" sizes=\"(max-width: 1024px) 100vw, 1024px\" \/>\t\t\t\t\t\t\t\t\t\t\t<figcaption class=\"widget-image-caption wp-caption-text\">CR\u00c9ATION SUPPORT DE COMMUNICATION<\/figcaption>\n\t\t\t\t\t\t\t\t\t\t<\/figure>\n\t\t\t\t\t\t\t\t\t<\/div>\n\t\t\t\t<div class=\"elementor-element elementor-element-1c8da6e elementor-widget elementor-widget-image\" data-id=\"1c8da6e\" data-element_type=\"widget\" data-e-type=\"widget\" data-widget_type=\"image.default\">\n\t\t\t\t\t\t\t\t\t\t\t\t<figure class=\"wp-caption\">\n\t\t\t\t\t\t\t\t\t\t<img loading=\"lazy\" decoding=\"async\" width=\"1024\" height=\"1024\" src=\"http:\/\/studio-charlie.fr\/wp-content\/uploads\/2026\/01\/presentation_04-1024x1024.webp\" class=\"attachment-large size-large wp-image-189\" alt=\"Pr\u00e9sentation\" srcset=\"http:\/\/studio-charlie.fr\/wp-content\/uploads\/2026\/01\/presentation_04-1024x1024.webp 1024w, http:\/\/studio-charlie.fr\/wp-content\/uploads\/2026\/01\/presentation_04-300x300.webp 300w, http:\/\/studio-charlie.fr\/wp-content\/uploads\/2026\/01\/presentation_04-150x150.webp 150w, http:\/\/studio-charlie.fr\/wp-content\/uploads\/2026\/01\/presentation_04-768x768.webp 768w, http:\/\/studio-charlie.fr\/wp-content\/uploads\/2026\/01\/presentation_04-1536x1536.webp 1536w, http:\/\/studio-charlie.fr\/wp-content\/uploads\/2026\/01\/presentation_04.webp 1920w\" sizes=\"(max-width: 1024px) 100vw, 1024px\" \/>\t\t\t\t\t\t\t\t\t\t\t<figcaption class=\"widget-image-caption wp-caption-text\">BRANDING<\/figcaption>\n\t\t\t\t\t\t\t\t\t\t<\/figure>\n\t\t\t\t\t\t\t\t\t<\/div>\n\t\t\t\t\t<\/div>\n\t\t\t\t<\/div>\n\t\t<div class=\"elementor-element elementor-element-29a0677 e-flex e-con-boxed e-con e-parent\" data-id=\"29a0677\" data-element_type=\"container\" data-e-type=\"container\">\n\t\t\t\t\t<div class=\"e-con-inner\">\n\t\t\t\t<div class=\"elementor-element elementor-element-d2fc845 elementor-widget elementor-widget-spacer\" data-id=\"d2fc845\" data-element_type=\"widget\" data-e-type=\"widget\" data-widget_type=\"spacer.default\">\n\t\t\t\t\t\t\t<div class=\"elementor-spacer\">\n\t\t\t<div class=\"elementor-spacer-inner\"><\/div>\n\t\t<\/div>\n\t\t\t\t\t\t<\/div>\n\t\t\t\t\t<\/div>\n\t\t\t\t<\/div>\n\t\t<div class=\"elementor-element elementor-element-41c8705 e-flex e-con-boxed e-con e-parent\" data-id=\"41c8705\" data-element_type=\"container\" data-e-type=\"container\">\n\t\t\t\t\t<div class=\"e-con-inner\">\n\t\t\t\t<div class=\"elementor-element elementor-element-1452ab4 elementor-widget elementor-widget-heading\" data-id=\"1452ab4\" data-element_type=\"widget\" data-e-type=\"widget\" data-widget_type=\"heading.default\">\n\t\t\t\t\t<h2 class=\"elementor-heading-title elementor-size-default\">Mes photos<\/h2>\t\t\t\t<\/div>\n\t\t\t\t\t<\/div>\n\t\t\t\t<\/div>\n\t\t<div class=\"elementor-element elementor-element-cb2ffdc e-flex e-con-boxed e-con e-parent\" data-id=\"cb2ffdc\" data-element_type=\"container\" data-e-type=\"container\">\n\t\t\t\t\t<div class=\"e-con-inner\">\n\t\t\t\t<div class=\"elementor-element elementor-element-3663d9e elementor-arrows-position-outside elementor-pagination-position-outside elementor-widget elementor-widget-image-carousel\" data-id=\"3663d9e\" data-element_type=\"widget\" data-e-type=\"widget\" data-settings=\"{&quot;slides_to_show&quot;:&quot;3&quot;,&quot;slides_to_scroll&quot;:&quot;2&quot;,&quot;autoplay_speed&quot;:2000,&quot;speed&quot;:2000,&quot;navigation&quot;:&quot;both&quot;,&quot;autoplay&quot;:&quot;yes&quot;,&quot;pause_on_hover&quot;:&quot;yes&quot;,&quot;pause_on_interaction&quot;:&quot;yes&quot;,&quot;infinite&quot;:&quot;yes&quot;}\" data-widget_type=\"image-carousel.default\">\n\t\t\t\t\t\t\t<div class=\"elementor-image-carousel-wrapper swiper\" role=\"region\" aria-roledescription=\"carousel\" aria-label=\"Carrousel d\u2019images\" dir=\"ltr\">\n\t\t\t<div class=\"elementor-image-carousel swiper-wrapper\" aria-live=\"off\">\n\t\t\t\t\t\t\t\t<div class=\"swiper-slide\" role=\"group\" aria-roledescription=\"slide\" aria-label=\"1 sur 11\"><figure class=\"swiper-slide-inner\"><img decoding=\"async\" class=\"swiper-slide-image\" src=\"http:\/\/studio-charlie.fr\/wp-content\/uploads\/elementor\/thumbs\/22-rlnz0ll8hzj3agbpe0mgk5giu3udtfqqxvdiebuj9c.jpg\" alt=\"\" \/><\/figure><\/div><div class=\"swiper-slide\" role=\"group\" aria-roledescription=\"slide\" aria-label=\"2 sur 11\"><figure class=\"swiper-slide-inner\"><img decoding=\"async\" class=\"swiper-slide-image\" src=\"http:\/\/studio-charlie.fr\/wp-content\/uploads\/elementor\/thumbs\/40-rlnz2osboqe139ah6x4m3mhecxjqx819w7kcsgr1fk.jpg\" alt=\"\" \/><\/figure><\/div><div class=\"swiper-slide\" role=\"group\" aria-roledescription=\"slide\" aria-label=\"3 sur 11\"><figure class=\"swiper-slide-inner\"><img decoding=\"async\" class=\"swiper-slide-image\" src=\"http:\/\/studio-charlie.fr\/wp-content\/uploads\/elementor\/thumbs\/20-1-rlnz1dse70loyr6qtct9myccnnze8cup1qy2smoq2o.jpg\" alt=\"\" \/><\/figure><\/div><div class=\"swiper-slide\" role=\"group\" aria-roledescription=\"slide\" aria-label=\"4 sur 11\"><figure class=\"swiper-slide-inner\"><img decoding=\"async\" class=\"swiper-slide-image\" src=\"http:\/\/studio-charlie.fr\/wp-content\/uploads\/elementor\/thumbs\/31-5-rlnz6olmqduwflhkv5aj746x8vuwmww7fzdn7stszk.jpg\" alt=\"\" \/><\/figure><\/div><div class=\"swiper-slide\" role=\"group\" aria-roledescription=\"slide\" aria-label=\"5 sur 11\"><figure class=\"swiper-slide-inner\"><img decoding=\"async\" class=\"swiper-slide-image\" src=\"http:\/\/studio-charlie.fr\/wp-content\/uploads\/elementor\/thumbs\/10-1-rlnz14e0ao8tqnkec8qzy0pqpt9q3dtdogf7zv2nsw.jpg\" alt=\"\" \/><\/figure><\/div><div class=\"swiper-slide\" role=\"group\" aria-roledescription=\"slide\" aria-label=\"6 sur 11\"><figure class=\"swiper-slide-inner\"><img decoding=\"async\" class=\"swiper-slide-image\" src=\"http:\/\/studio-charlie.fr\/wp-content\/uploads\/elementor\/thumbs\/28-3-rlnz3hxbklhx3645grq1qx4orvk4ju8yc7seo1ju2o.jpg\" alt=\"\" \/><\/figure><\/div><div class=\"swiper-slide\" role=\"group\" aria-roledescription=\"slide\" aria-label=\"7 sur 11\"><figure class=\"swiper-slide-inner\"><img decoding=\"async\" class=\"swiper-slide-image\" src=\"http:\/\/studio-charlie.fr\/wp-content\/uploads\/elementor\/thumbs\/17-8-rlnz8ka0egfjnir9vyjo6n440mlc14cvpaclrq1gjk.jpg\" alt=\"17\" \/><\/figure><\/div><div class=\"swiper-slide\" role=\"group\" aria-roledescription=\"slide\" aria-label=\"8 sur 11\"><figure class=\"swiper-slide-inner\"><img decoding=\"async\" class=\"swiper-slide-image\" src=\"http:\/\/studio-charlie.fr\/wp-content\/uploads\/elementor\/thumbs\/8-3-rlnz302dyqtgyku3d204xjmxhk05hla1xre6jsabcw.jpg\" alt=\"\" \/><\/figure><\/div><div class=\"swiper-slide\" role=\"group\" aria-roledescription=\"slide\" aria-label=\"9 sur 11\"><figure class=\"swiper-slide-inner\"><img decoding=\"async\" class=\"swiper-slide-image\" src=\"http:\/\/studio-charlie.fr\/wp-content\/uploads\/elementor\/thumbs\/14-3-rlnz34rkwwzwkmn9lm19s0g8ghczk2spmenly63chs.jpg\" alt=\"\" \/><\/figure><\/div><div class=\"swiper-slide\" role=\"group\" aria-roledescription=\"slide\" aria-label=\"10 sur 11\"><figure class=\"swiper-slide-inner\"><img decoding=\"async\" class=\"swiper-slide-image\" src=\"http:\/\/studio-charlie.fr\/wp-content\/uploads\/elementor\/thumbs\/3-5-rlnz4woltnfei42f8dnwhkbkuoly3hugj70mkzgkqo.jpg\" alt=\"\" \/><\/figure><\/div><div class=\"swiper-slide\" role=\"group\" aria-roledescription=\"slide\" aria-label=\"11 sur 11\"><figure class=\"swiper-slide-inner\"><img decoding=\"async\" class=\"swiper-slide-image\" src=\"http:\/\/studio-charlie.fr\/wp-content\/uploads\/elementor\/thumbs\/23-4-rlnz42lrqya86la440nu9rwtucq796j1r25384p69s.jpg\" alt=\"\" \/><\/figure><\/div>\t\t\t<\/div>\n\t\t\t\t\t\t\t\t\t\t\t\t<div class=\"elementor-swiper-button elementor-swiper-button-prev\" role=\"button\" tabindex=\"0\">\n\t\t\t\t\t\t<svg aria-hidden=\"true\" class=\"e-font-icon-svg e-eicon-chevron-left\" viewBox=\"0 0 1000 1000\" xmlns=\"http:\/\/www.w3.org\/2000\/svg\"><path d=\"M646 125C629 125 613 133 604 142L308 442C296 454 292 471 292 487 292 504 296 521 308 533L604 854C617 867 629 875 646 875 663 875 679 871 692 858 704 846 713 829 713 812 713 796 708 779 692 767L438 487 692 225C700 217 708 204 708 187 708 171 704 154 692 142 675 129 663 125 646 125Z\"><\/path><\/svg>\t\t\t\t\t<\/div>\n\t\t\t\t\t<div class=\"elementor-swiper-button elementor-swiper-button-next\" role=\"button\" tabindex=\"0\">\n\t\t\t\t\t\t<svg aria-hidden=\"true\" class=\"e-font-icon-svg e-eicon-chevron-right\" viewBox=\"0 0 1000 1000\" xmlns=\"http:\/\/www.w3.org\/2000\/svg\"><path d=\"M696 533C708 521 713 504 713 487 713 471 708 454 696 446L400 146C388 133 375 125 354 125 338 125 325 129 313 142 300 154 292 171 292 187 292 204 296 221 308 233L563 492 304 771C292 783 288 800 288 817 288 833 296 850 308 863 321 871 338 875 354 875 371 875 388 867 400 854L696 533Z\"><\/path><\/svg>\t\t\t\t\t<\/div>\n\t\t\t\t\n\t\t\t\t\t\t\t\t\t<div class=\"swiper-pagination\"><\/div>\n\t\t\t\t\t\t\t\t\t<\/div>\n\t\t\t\t\t\t<\/div>\n\t\t\t\t\t<\/div>\n\t\t\t\t<\/div>\n\t\t\t\t<\/div>\n\t\t","protected":false},"excerpt":{"rendered":"<p>Ce site est en cours de construction. Merci pour votre compr\u00e9hension.&nbsp; Charlie \u00ab Il y a trois r\u00e9actions possibles \u00e0 [&hellip;]<\/p>\n","protected":false},"author":1,"featured_media":0,"parent":0,"menu_order":0,"comment_status":"closed","ping_status":"closed","template":"","meta":{"site-sidebar-layout":"no-sidebar","site-content-layout":"","ast-site-content-layout":"full-width-container","site-content-style":"default","site-sidebar-style":"default","ast-global-header-display":"","ast-banner-title-visibility":"","ast-main-header-display":"","ast-hfb-above-header-display":"","ast-hfb-below-header-display":"","ast-hfb-mobile-header-display":"","site-post-title":"disabled","ast-breadcrumbs-content":"","ast-featured-img":"","footer-sml-layout":"","ast-disable-related-posts":"","theme-transparent-header-meta":"default","adv-header-id-meta":"","stick-header-meta":"","header-above-stick-meta":"","header-main-stick-meta":"","header-below-stick-meta":"","astra-migrate-meta-layouts":"set","ast-page-background-enabled":"default","ast-page-background-meta":{"desktop":{"background-color":"var(--ast-global-color-5)","background-image":"","background-repeat":"repeat","background-position":"center center","background-size":"auto","background-attachment":"scroll","background-type":"","background-media":"","overlay-type":"","overlay-color":"","overlay-opacity":"","overlay-gradient":""},"tablet":{"background-color":"","background-image":"","background-repeat":"repeat","background-position":"center center","background-size":"auto","background-attachment":"scroll","background-type":"","background-media":"","overlay-type":"","overlay-color":"","overlay-opacity":"","overlay-gradient":""},"mobile":{"background-color":"","background-image":"","background-repeat":"repeat","background-position":"center center","background-size":"auto","background-attachment":"scroll","background-type":"","background-media":"","overlay-type":"","overlay-color":"","overlay-opacity":"","overlay-gradient":""}},"ast-content-background-meta":{"desktop":{"background-color":"var(--ast-global-color-4)","background-image":"","background-repeat":"repeat","background-position":"center center","background-size":"auto","background-attachment":"scroll","background-type":"","background-media":"","overlay-type":"","overlay-color":"","overlay-opacity":"","overlay-gradient":""},"tablet":{"background-color":"var(--ast-global-color-4)","background-image":"","background-repeat":"repeat","background-position":"center center","background-size":"auto","background-attachment":"scroll","background-type":"","background-media":"","overlay-type":"","overlay-color":"","overlay-opacity":"","overlay-gradient":""},"mobile":{"background-color":"var(--ast-global-color-4)","background-image":"","background-repeat":"repeat","background-position":"center center","background-size":"auto","background-attachment":"scroll","background-type":"","background-media":"","overlay-type":"","overlay-color":"","overlay-opacity":"","overlay-gradient":""}},"footnotes":""},"class_list":["post-9","page","type-page","status-publish","hentry"],"_links":{"self":[{"href":"https:\/\/studio-charlie.fr\/index.php?rest_route=\/wp\/v2\/pages\/9","targetHints":{"allow":["GET"]}}],"collection":[{"href":"https:\/\/studio-charlie.fr\/index.php?rest_route=\/wp\/v2\/pages"}],"about":[{"href":"https:\/\/studio-charlie.fr\/index.php?rest_route=\/wp\/v2\/types\/page"}],"author":[{"embeddable":true,"href":"https:\/\/studio-charlie.fr\/index.php?rest_route=\/wp\/v2\/users\/1"}],"replies":[{"embeddable":true,"href":"https:\/\/studio-charlie.fr\/index.php?rest_route=%2Fwp%2Fv2%2Fcomments&post=9"}],"version-history":[{"count":110,"href":"https:\/\/studio-charlie.fr\/index.php?rest_route=\/wp\/v2\/pages\/9\/revisions"}],"predecessor-version":[{"id":732,"href":"https:\/\/studio-charlie.fr\/index.php?rest_route=\/wp\/v2\/pages\/9\/revisions\/732"}],"wp:attachment":[{"href":"https:\/\/studio-charlie.fr\/index.php?rest_route=%2Fwp%2Fv2%2Fmedia&parent=9"}],"curies":[{"name":"wp","href":"https:\/\/api.w.org\/{rel}","templated":true}]}}